{"id":270,"date":"2018-08-01T03:09:31","date_gmt":"2018-08-01T03:09:31","guid":{"rendered":"http:\/\/demo.casethemes.net\/unfinityplus-finance\/?page_id=270"},"modified":"2024-08-07T07:35:50","modified_gmt":"2024-08-07T07:35:50","slug":"home","status":"publish","type":"page","link":"https:\/\/capstone-invest.hu\/en\/","title":{"rendered":"Home"},"content":{"rendered":"<section class=\"wpb-content-wrapper\">[vc_row full_width=&#8221;stretch_row&#8221; content_placement=&#8221;middle&#8221; el_id=&#8221;section-home&#8221;][vc_column][rev_slider_vc alias=&#8221;home-1&#8243;][\/vc_column][\/vc_row][vc_row el_id=&#8221;rolunk&#8221;][vc_column css=&#8221;.vc_custom_1675735987671{padding-top: 73px !important;padding-bottom: 20px !important;}&#8221;][cms_heading text=&#8221;About us&#8221; align_lg=&#8221;align-center&#8221; align_md=&#8221;align-center-md&#8221; align_sm=&#8221;align-center-sm&#8221; align_xs=&#8221;align-center-xs&#8221; font_size=&#8221;36&#8243; font_size_md=&#8221;36&#8243; font_size_sm=&#8221;36&#8243; font_size_xs=&#8221;30&#8243; font_weight=&#8221;&#8221; divider=&#8221;divider1&#8243; text_color=&#8221;#3a3a3a&#8221;][vc_row_inner][vc_column_inner width=&#8221;1\/2&#8243; css=&#8221;.vc_custom_1676234866538{padding-bottom: 10px !important;}&#8221; animation_column=&#8221;fadeInUp&#8221;][vc_single_image image=&#8221;983&#8243; img_size=&#8221;large&#8221; css_animation=&#8221;left-to-right&#8221; ct_image_align_md=&#8221;image_align_sm_left&#8221;][\/vc_column_inner][vc_column_inner width=&#8221;1\/2&#8243;][vc_column_text css_animation=&#8221;right-to-left&#8221; css=&#8221;.vc_custom_1722598799522{padding-left: 20px !important;}&#8221;]\n<p style=\"text-align: left;\">Capstone Invest Ltd. is a holding company whose task is to coordinate the activities of the companies already belonging to the group and to ensure the optimal use of their resources.<\/p>\n<p style=\"text-align: left;\">The holding company is responsible for preparing the companies for future investments, carrying out due diligence and valuations for company acquisitions, as well as providing the financial resources necessary for investments and company acquisitions.<\/p>\n<p style=\"text-align: left;\">We invest in Hungarian agriculture because we believe that our environmental features and the expertise available in the country will provide long-term earnings for our owners and colleagues.<\/p>\n<p style=\"text-align: left;\">The world has seen many technological changes throughout history and we are facing many changes even now. But one thing is certain: we will need food for a long time to come.<\/p>\n<p style=\"text-align: left;\">The greatest asset of our businesses is the people who work in them. Our owners and managers are committed to continuously improving the skills of our colleagues. It&#8217;s not just an opportunity, it&#8217;s an expectation!<\/p>\n<p style=\"text-align: left;\">The motto of our Founder and CEO:<\/p>\n<p style=\"text-align: center;\"><strong>&#8220;A leader who blames circumstances for failure has not prepared for the circumstances.&#8221;<\/strong><\/p>\n[\/vc_column_text][\/vc_column_inner][\/vc_row_inner][\/vc_column][\/vc_row][vc_row full_width=&#8221;stretch_row&#8221; parallax=&#8221;content-moving&#8221; parallax_image=&#8221;238&#8243; parallax_speed_bg=&#8221;1.8&#8243; ct_row_class=&#8221;row-overlay&#8221; cms_row_class=&#8221;row-overlay&#8221; css=&#8221;.vc_custom_1680530342884{padding-top: 40px !important;padding-bottom: 80px !important;}&#8221; el_id=&#8221;befekteteseink&#8221;][vc_column css=&#8221;.vc_custom_1675736159939{padding-top: 20px !important;}&#8221;][cms_heading text=&#8221;Our company&#8221; align_lg=&#8221;align-center&#8221; align_md=&#8221;align-center-md&#8221; align_sm=&#8221;align-center-sm&#8221; align_xs=&#8221;align-center-xs&#8221; font_size=&#8221;36&#8243; font_size_md=&#8221;36&#8243; font_size_sm=&#8221;36&#8243; font_size_xs=&#8221;30&#8243; font_weight=&#8221;&#8221; divider=&#8221;divider1&#8243; text_color=&#8221;#3a3a3a&#8221; margin_top=&#8221;0&#8243; margin_right=&#8221;0&#8243; margin_bottom=&#8221;0&#8243; margin_left=&#8221;0&#8243;][vc_row_inner css=&#8221;.vc_custom_1677027785637{padding-top: 20px !important;}&#8221;][vc_column_inner width=&#8221;1\/3&#8243; animation_column=&#8221;fadeInUp&#8221;][vc_single_image image=&#8221;1006&#8243; img_size=&#8221;350&#215;100&#8243; onclick=&#8221;custom_link&#8221; img_link_target=&#8221;_blank&#8221; css_animation=&#8221;left-to-right&#8221; ct_image_align_md=&#8221;image_align_sm_left&#8221; link=&#8221;https:\/\/www.tevelagro.hu\/en\/&#8221;][\/vc_column_inner][vc_column_inner width=&#8221;1\/3&#8243;][vc_single_image image=&#8221;1003&#8243; img_size=&#8221;350&#215;100&#8243; css_animation=&#8221;left-to-right&#8221; ct_image_align_md=&#8221;image_align_sm_left&#8221;][\/vc_column_inner][vc_column_inner width=&#8221;1\/3&#8243;][vc_single_image image=&#8221;1023&#8243; img_size=&#8221;350&#215;100&#8243; onclick=&#8221;custom_link&#8221; img_link_target=&#8221;_blank&#8221; css_animation=&#8221;left-to-right&#8221; ct_image_align_md=&#8221;image_align_sm_left&#8221; link=&#8221;https:\/\/capstonetrade.hu\/en\/&#8221;][\/vc_column_inner][\/vc_row_inner][vc_row_inner css=&#8221;.vc_custom_1677027785637{padding-top: 20px !important;}&#8221;][vc_column_inner width=&#8221;1\/3&#8243; animation_column=&#8221;fadeInUp&#8221;][vc_single_image image=&#8221;1004&#8243; img_size=&#8221;350&#215;100&#8243; onclick=&#8221;custom_link&#8221; img_link_target=&#8221;_blank&#8221; css_animation=&#8221;left-to-right&#8221; ct_image_align_md=&#8221;image_align_sm_left&#8221; link=&#8221;https:\/\/www.bodvaagro.hu\/en\/&#8221;][\/vc_column_inner][vc_column_inner width=&#8221;1\/3&#8243;][vc_single_image image=&#8221;1007&#8243; img_size=&#8221;350&#215;100&#8243; css_animation=&#8221;left-to-right&#8221; ct_image_align_md=&#8221;image_align_sm_left&#8221;][\/vc_column_inner][vc_column_inner width=&#8221;1\/3&#8243;][vc_column_text]\n<p style=\"text-align: center;\"><strong>Several minority stakes in agricultural cooperatives through our farm enterprises<\/strong><\/p>\n[\/vc_column_text][\/vc_column_inner][\/vc_row_inner][\/vc_column][\/vc_row][vc_row full_width=&#8221;stretch_row&#8221; parallax=&#8221;content-moving&#8221; parallax_image=&#8221;238&#8243; parallax_speed_bg=&#8221;1.8&#8243; ct_row_class=&#8221;row-overlay&#8221; cms_row_class=&#8221;row-overlay&#8221; css=&#8221;.vc_custom_1677032851517{padding-top: 40px !important;padding-bottom: 120px !important;background-image: url(http:\/\/capstone-invest.hu\/en\/wp-content\/uploads\/2023\/02\/mezogazdasag_befektetes.jpg?id=900) !important;}&#8221; el_id=&#8221;tevekenysegunk&#8221;][vc_column css=&#8221;.vc_custom_1533033549183{padding-top: 40px !important;}&#8221;][cms_heading text=&#8221;Investments&#8221; align_lg=&#8221;align-center&#8221; align_md=&#8221;align-center-md&#8221; align_sm=&#8221;align-center-sm&#8221; align_xs=&#8221;align-center-xs&#8221; font_size=&#8221;36&#8243; font_size_md=&#8221;36&#8243; font_size_sm=&#8221;36&#8243; font_size_xs=&#8221;30&#8243; font_weight=&#8221;&#8221; divider=&#8221;divider1&#8243; text_color=&#8221;#ffffff&#8221; margin_bottom=&#8221;50&#8243;][cms_heading text=&#8221;Financial and professional investments in agriculture and agriculture-related activities.&#8221; tag=&#8221;h5&#8243; align_lg=&#8221;align-center&#8221; align_md=&#8221;align-center-md&#8221; align_sm=&#8221;align-center-sm&#8221; align_xs=&#8221;align-center-xs&#8221; font_size=&#8221;20&#8243; font_size_md=&#8221;20&#8243; font_size_sm=&#8221;16&#8243; font_size_xs=&#8221;12&#8243; font_weight=&#8221;400&#8243; text_color=&#8221;#ffffff&#8221; custom_fonts=&#8221;true&#8221; google_fonts=&#8221;font_family:Roboto%3A100%2C100italic%2C300%2C300italic%2Cregular%2Citalic%2C500%2C500italic%2C700%2C700italic%2C900%2C900italic|font_style:400%20regular%3A400%3Anormal&#8221;][\/vc_column][\/vc_row][vc_row][vc_column css=&#8221;.vc_custom_1675735987671{padding-top: 73px !important;padding-bottom: 20px !important;}&#8221;][cms_heading text=&#8221;Contact us if:&#8221; align_lg=&#8221;align-center&#8221; align_md=&#8221;align-center-md&#8221; align_sm=&#8221;align-center-sm&#8221; align_xs=&#8221;align-center-xs&#8221; font_size=&#8221;36&#8243; font_size_md=&#8221;36&#8243; font_size_sm=&#8221;36&#8243; font_size_xs=&#8221;30&#8243; font_weight=&#8221;&#8221; divider=&#8221;divider1&#8243; text_color=&#8221;#3a3a3a&#8221;][vc_row_inner][vc_column_inner width=&#8221;1\/2&#8243; css=&#8221;.vc_custom_1676234866538{padding-bottom: 10px !important;}&#8221; animation_column=&#8221;fadeInUp&#8221;][vc_single_image image=&#8221;908&#8243; img_size=&#8221;large&#8221; css_animation=&#8221;left-to-right&#8221; ct_image_align_md=&#8221;image_align_sm_left&#8221;][\/vc_column_inner][vc_column_inner width=&#8221;1\/2&#8243;][vc_column_text css_animation=&#8221;right-to-left&#8221; css=&#8221;.vc_custom_1722599070562{padding-left: 20px !important;}&#8221;]\n<p style=\"text-align: left;\">If you are the owner of a business that is looking for a financial or professional investor, is facing a change of ownership due to a generational change, and your activity is related to agriculture, please feel free to contact us.<\/p>\n[\/vc_column_text][\/vc_column_inner][\/vc_row_inner][\/vc_column][\/vc_row][vc_row el_id=&#8221;karrier&#8221;][vc_column css=&#8221;.vc_custom_1677028071312{padding-top: 40px !important;padding-bottom: 20px !important;}&#8221;][cms_heading text=&#8221;Careers&#8221; align_lg=&#8221;align-center&#8221; align_md=&#8221;align-center-md&#8221; align_sm=&#8221;align-center-sm&#8221; align_xs=&#8221;align-center-xs&#8221; font_size=&#8221;36&#8243; font_size_md=&#8221;36&#8243; font_size_sm=&#8221;36&#8243; font_size_xs=&#8221;30&#8243; font_weight=&#8221;&#8221; divider=&#8221;divider1&#8243; text_color=&#8221;#3a3a3a&#8221;][vc_row_inner][vc_column_inner width=&#8221;1\/2&#8243; css=&#8221;.vc_custom_1676234866538{padding-bottom: 10px !important;}&#8221; animation_column=&#8221;fadeInUp&#8221;][vc_column_text css_animation=&#8221;right-to-left&#8221; css=&#8221;.vc_custom_1722599201254{padding-left: 20px !important;}&#8221;]\n<p id=\"tw-target-text\" class=\"tw-data-text tw-text-large tw-ta\" dir=\"ltr\" data-placeholder=\"Ford\u00edt\u00e1s\" aria-label=\"Leford\u00edtott sz\u00f6veg\" data-ved=\"2ahUKEwjZ_4jlndaHAxWE8AIHHYnnA40Q3ewLegQIBxAU\"><span class=\"Y2IQFc\" lang=\"en\">We currently have no open positions.<\/span><\/p>\n[\/vc_column_text][\/vc_column_inner][vc_column_inner width=&#8221;1\/2&#8243;][vc_single_image image=&#8221;911&#8243; img_size=&#8221;large&#8221; css_animation=&#8221;left-to-right&#8221; ct_image_align_md=&#8221;image_align_sm_left&#8221;][\/vc_column_inner][\/vc_row_inner][\/vc_column][\/vc_row][vc_row full_width=&#8221;stretch_row&#8221; parallax=&#8221;content-moving&#8221; parallax_image=&#8221;238&#8243; parallax_speed_bg=&#8221;1.8&#8243; ct_row_class=&#8221;row-overlay&#8221; cms_row_class=&#8221;row-overlay&#8221; css=&#8221;.vc_custom_1677032887324{padding-top: 0px !important;padding-bottom: 80px !important;}&#8221;][vc_column css=&#8221;.vc_custom_1675298230913{padding-top: 40px !important;}&#8221;][vc_row_inner css=&#8221;.vc_custom_1675736307034{padding-top: 20px !important;}&#8221;][vc_column_inner width=&#8221;1\/3&#8243;][\/vc_column_inner][vc_column_inner width=&#8221;1\/3&#8243;][\/vc_column_inner][vc_column_inner width=&#8221;1\/3&#8243;][\/vc_column_inner][\/vc_row_inner][\/vc_column][\/vc_row][vc_row full_width=&#8221;stretch_row&#8221; parallax=&#8221;content-moving&#8221; parallax_image=&#8221;238&#8243; parallax_speed_bg=&#8221;1.8&#8243; ct_row_class=&#8221;row-overlay&#8221; cms_row_class=&#8221;row-overlay&#8221; css=&#8221;.vc_custom_1676427155128{padding-top: 40px !important;padding-bottom: 80px !important;background-image: url(http:\/\/capstone-invest.hu\/en\/wp-content\/uploads\/2023\/02\/bg.jpg?id=886) !important;}&#8221;][vc_column width=&#8221;1\/2&#8243; css=&#8221;.vc_custom_1533033549183{padding-top: 40px !important;}&#8221;][vc_raw_html]JTNDaWZyYW1lJTIwc3JjJTNEJTIyaHR0cHMlM0ElMkYlMkZ3d3cuZ29vZ2xlLmNvbSUyRm1hcHMlMkZlbWJlZCUzRnBiJTNEJTIxMW0xOCUyMTFtMTIlMjExbTMlMjExZDI2OTAuNzY3NjczMzc1NzkwMyUyMTJkMTkuMzgwMDMxNDk5OTk5OTk4JTIxM2Q0Ny41OTE3NjA4JTIxMm0zJTIxMWYwJTIxMmYwJTIxM2YwJTIxM20yJTIxMWkxMDI0JTIxMmk3NjglMjE0ZjEzLjElMjEzbTMlMjExbTIlMjExczB4NDc0MWM5MDZmMDkxODBkZCUyNTNBMHg4NmVjY2JlOTY3ODAwOWNmJTIxMnpSOE8yWk1PMmJHekZrU3dnU3NPaGMzckRzM2JEb1hJZ2RTNGdNVFFzSURJeE1EQWdUV0ZuZVdGeWIzSnplc09oWnclMjE1ZTAlMjEzbTIlMjExc2h1JTIxMnNlcyUyMTR2MTY3NzAxMjEyNTIwNiUyMTVtMiUyMTFzaHUlMjEyc2VzJTIyJTIwd2lkdGglM0QlMjI2MDAlMjIlMjBoZWlnaHQlM0QlMjI1MDAlMjIlMjBzdHlsZSUzRCUyMmJvcmRlciUzQTAlM0IlMjIlMjBhbGxvd2Z1bGxzY3JlZW4lM0QlMjIlMjIlMjBsb2FkaW5nJTNEJTIybGF6eSUyMiUyMHJlZmVycmVycG9saWN5JTNEJTIybm8tcmVmZXJyZXItd2hlbi1kb3duZ3JhZGUlMjIlM0UlM0MlMkZpZnJhbWUlM0U=[\/vc_raw_html][\/vc_column][vc_column width=&#8221;1\/2&#8243; css=&#8221;.vc_custom_1676236098521{margin-top: -5px !important;padding-top: 40px !important;}&#8221;][cms_heading text=&#8221;Kapcsolat&#8221; font_size=&#8221;30&#8243; font_size_md=&#8221;30&#8243; font_size_sm=&#8221;30&#8243; font_size_xs=&#8221;30&#8243; font_weight=&#8221;600&#8243; divider=&#8221;divider1&#8243; text_color=&#8221;#f5f5f5&#8243; description=&#8221;K\u00e9rj\u00fck adja meg adatait \u00e9s \u00fczenet\u00e9t, felvessz\u00fck \u00d6nnel a kapcsolatot.&#8221; description_color=&#8221;#ffffff&#8221; margin_bottom=&#8221;17&#8243;][vc_empty_space height=&#8221;10px&#8221;][cms_contact_form id=&#8221;767&#8243; form_style=&#8221;form-style2&#8243;][\/vc_column][\/vc_row]\n<\/section>","protected":false},"excerpt":{"rendered":"<p>[vc_row full_width=&#8221;stretch_row&#8221; content_placement=&#8221;middle&#8221; el_id=&#8221;section-home&#8221;][vc_column][rev_slider_vc alias=&#8221;home-1&#8243;][\/vc_column][\/vc_row][vc_row el_id=&#8221;rolunk&#8221;][vc_column css=&#8221;.vc_custom_1675735987671{padding-top: 73px !important;padding-bottom: 20px !important;}&#8221;][cms_heading text=&#8221;About us&#8221; align_lg=&#8221;align-center&#8221; align_md=&#8221;align-center-md&#8221; align_sm=&#8221;align-center-sm&#8221; align_xs=&#8221;align-center-xs&#8221; font_size=&#8221;36&#8243; font_size_md=&#8221;36&#8243; font_size_sm=&#8221;36&#8243; font_size_xs=&#8221;30&#8243; font_weight=&#8221;&#8221; divider=&#8221;divider1&#8243; text_color=&#8221;#3a3a3a&#8221;][vc_row_inner][vc_column_inner width=&#8221;1\/2&#8243; css=&#8221;.vc_custom_1676234866538{padding-bottom: 10px !important;}&#8221; animation_column=&#8221;fadeInUp&#8221;][vc_single_image image=&#8221;983&#8243; img_size=&#8221;large&#8221; css_animation=&#8221;left-to-right&#8221; ct_image_align_md=&#8221;image_align_sm_left&#8221;][\/vc_column_inner][vc_column_inner width=&#8221;1\/2&#8243;][vc_column_text css_animation=&#8221;right-to-left&#8221; css=&#8221;.vc_custom_1722598799522{padding-left: 20px !important;}&#8221;] Capstone Invest Ltd. is a holding company whose task is to coordinate the activities of the companies [&hellip;]<\/p>\n","protected":false},"author":1,"featured_media":0,"parent":0,"menu_order":0,"comment_status":"closed","ping_status":"closed","template":"","meta":{"footnotes":""},"class_list":["post-270","page","type-page","status-publish","hentry"],"_links":{"self":[{"href":"https:\/\/capstone-invest.hu\/en\/wp-json\/wp\/v2\/pages\/270","targetHints":{"allow":["GET"]}}],"collection":[{"href":"https:\/\/capstone-invest.hu\/en\/wp-json\/wp\/v2\/pages"}],"about":[{"href":"https:\/\/capstone-invest.hu\/en\/wp-json\/wp\/v2\/types\/page"}],"author":[{"embeddable":true,"href":"https:\/\/capstone-invest.hu\/en\/wp-json\/wp\/v2\/users\/1"}],"replies":[{"embeddable":true,"href":"https:\/\/capstone-invest.hu\/en\/wp-json\/wp\/v2\/comments?post=270"}],"version-history":[{"count":121,"href":"https:\/\/capstone-invest.hu\/en\/wp-json\/wp\/v2\/pages\/270\/revisions"}],"predecessor-version":[{"id":1193,"href":"https:\/\/capstone-invest.hu\/en\/wp-json\/wp\/v2\/pages\/270\/revisions\/1193"}],"wp:attachment":[{"href":"https:\/\/capstone-invest.hu\/en\/wp-json\/wp\/v2\/media?parent=270"}],"curies":[{"name":"wp","href":"https:\/\/api.w.org\/{rel}","templated":true}]}}